{"id":9,"date":"2010-09-07T10:23:32","date_gmt":"2010-09-07T10:23:32","guid":{"rendered":"http:\/\/www.ternog.org\/?page_id=9"},"modified":"2012-03-29T20:05:11","modified_gmt":"2012-03-29T20:05:11","slug":"design-for-education","status":"publish","type":"page","link":"http:\/\/www.ternog.org\/?page_id=9","title":{"rendered":"Design for education"},"content":{"rendered":"<p>Cette section du site vous propose de nombreux contenu graphique pour une utilisation non commerciale dans un cadre \u00e9ducatif.<\/p>\n<p>Une pr\u00e9sentation r\u00e9ussie repose toujours sur une iconographie simple, design et de qualit\u00e9.<br \/>\nVous trouverez ici de nombreux fichiers au format vectoriel ou raster qui vous permettront d&rsquo;enrichir vos rapports et pr\u00e9sentations de TP ou de stage. Vous y trouverez peut-\u00eatre \u00e9galement des \u00e9l\u00e9ments d&rsquo;illustration pour vos cours.<br \/>\n[pullquote_right]Votre seul engagement d&rsquo;utilisateur vis \u00e0 vis du contenu propos\u00e9 sur ce site est de citer la source de vos dessins, illustrations, ou encore photos comme indiqu\u00e9 sur chaque fichier t\u00e9l\u00e9charg\u00e9.[\/pullquote_right]<\/p>\n<p>Pour vous aider au mieux dans l&rsquo;utilisation de ces \u00e9l\u00e9ments iconographique, la rubrique \u00ab\u00a0<strong><a href=\"http:\/\/www.ternog.org\/?page_id=48\" target=\"_self\">Quelques notions<\/a><\/strong>\u00a0\u00bb est a votre disposition et vous fournira toutes les explications sur les diff\u00e9rents formats et supports de communication possibles ainsi que des astuces pour personnaliser vos documents en quelques cliques.<\/p>\n<p>Si vous avez des questions n&rsquo;h\u00e9sitez pas \u00e0 les poser via la rubrique \u00ab\u00a0<strong><a href=\"http:\/\/www.ternog.org\/?page_id=41\" target=\"_self\">Une question ?<\/a><\/strong>\u00ab\u00a0<\/p>\n","protected":false},"excerpt":{"rendered":"<p>Cette section du site vous propose de nombreux contenu graphique pour une utilisation non commerciale dans un cadre \u00e9ducatif. Une pr\u00e9sentation r\u00e9ussie repose toujours sur une iconographie simple, design et de qualit\u00e9. Vous trouverez ici de nombreux fichiers au format vectoriel ou raster qui vous&#8230;<\/p>\n","protected":false},"author":1,"featured_media":0,"parent":7,"menu_order":1,"comment_status":"closed","ping_status":"open","template":"","meta":[],"_links":{"self":[{"href":"http:\/\/www.ternog.org\/index.php?rest_route=\/wp\/v2\/pages\/9"}],"collection":[{"href":"http:\/\/www.ternog.org\/index.php?rest_route=\/wp\/v2\/pages"}],"about":[{"href":"http:\/\/www.ternog.org\/index.php?rest_route=\/wp\/v2\/types\/page"}],"author":[{"embeddable":true,"href":"http:\/\/www.ternog.org\/index.php?rest_route=\/wp\/v2\/users\/1"}],"replies":[{"embeddable":true,"href":"http:\/\/www.ternog.org\/index.php?rest_route=%2Fwp%2Fv2%2Fcomments&post=9"}],"version-history":[{"count":11,"href":"http:\/\/www.ternog.org\/index.php?rest_route=\/wp\/v2\/pages\/9\/revisions"}],"predecessor-version":[{"id":149,"href":"http:\/\/www.ternog.org\/index.php?rest_route=\/wp\/v2\/pages\/9\/revisions\/149"}],"up":[{"embeddable":true,"href":"http:\/\/www.ternog.org\/index.php?rest_route=\/wp\/v2\/pages\/7"}],"wp:attachment":[{"href":"http:\/\/www.ternog.org\/index.php?rest_route=%2Fwp%2Fv2%2Fmedia&parent=9"}],"curies":[{"name":"wp","href":"https:\/\/api.w.org\/{rel}","templated":true}]}}