{"id":48,"date":"2010-09-07T17:56:30","date_gmt":"2010-09-07T17:56:30","guid":{"rendered":"http:\/\/www.ternog.org\/?page_id=48"},"modified":"2012-03-29T20:22:47","modified_gmt":"2012-03-29T20:22:47","slug":"quelques-notions","status":"publish","type":"page","link":"http:\/\/www.ternog.org\/?page_id=48","title":{"rendered":"Quelques notions"},"content":{"rendered":"<h3>La diff\u00e9rence entre une image vectorielle ou clipart et une image raster ou bitmap<\/h3>\n<p>On distingue g\u00e9n\u00e9ralement deux grandes cat\u00e9gories d&rsquo;images\u00a0:<\/p>\n<ol>\n<li>les images raster (appel\u00e9es aussi images bitmap) : il s&rsquo;agit d&rsquo;images pixellis\u00e9es, c&rsquo;est-\u00e0-dire un ensemble de points (pixels) contenus dans un tableau, chacun de ces points poss\u00e9dant une ou plusieurs valeurs d\u00e9crivant sa couleur.<\/li>\n<li>les images vectorielles : elles sont des repr\u00e9sentations d&rsquo;entit\u00e9s g\u00e9om\u00e9triques telles qu&rsquo;un cercle, un rectangle ou un segment. Ceux-ci sont repr\u00e9sent\u00e9s par des formules math\u00e9matiques (un rectangle est d\u00e9fini par deux points, un cercle par un centre et un rayon, une courbe par plusieurs points et une \u00e9quation). C&rsquo;est le processeur qui sera charg\u00e9 de \u00ab\u00a0traduire\u00a0\u00bb ces formes en informations interpr\u00e9tables par la carte graphique de l\u2019ordinateur.<\/li>\n<\/ol>\n<p>Etant donn\u00e9 qu&rsquo;une image vectorielle est constitu\u00e9e uniquement d&rsquo;entit\u00e9s math\u00e9matiques, il est possible de lui appliquer facilement des transformations g\u00e9om\u00e9triques (zoom, \u00e9tirement, &#8230;), tandis qu&rsquo;une image bitmap, faite de pixels, ne pourra subir de telles transformations qu&rsquo;au prix d&rsquo;une perte d&rsquo;information, appel\u00e9e distorsion. On nomme ainsi pixellisation (en anglais aliasing) l&rsquo;apparition de pixels dans une image suite \u00e0 une transformation g\u00e9om\u00e9trique (notamment l&rsquo;agrandissement). D\u2019autre part, les images vectorielles (appel\u00e9es cliparts lorsqu&rsquo;il s&rsquo;agit d&rsquo;un objet vectoriel) permettent de d\u00e9finir une image avec tr\u00e8s peu d&rsquo;information, ce qui rend les fichiers tr\u00e8s peu volumineux.<\/p>\n<h3>Comment inclure ces fichiers dans mes documents<\/h3>\n<p><span style=\"text-decoration: underline;\">Dans un document word :<\/span><\/p>\n<p>Sous PC :<\/p>\n<p>Sous Mac :<\/p>\n","protected":false},"excerpt":{"rendered":"<p>La diff\u00e9rence entre une image vectorielle ou clipart et une image raster ou bitmap On distingue g\u00e9n\u00e9ralement deux grandes cat\u00e9gories d&rsquo;images\u00a0: les images raster (appel\u00e9es aussi images bitmap) : il s&rsquo;agit d&rsquo;images pixellis\u00e9es, c&rsquo;est-\u00e0-dire un ensemble de points (pixels) contenus dans un tableau, chacun de&#8230;<\/p>\n","protected":false},"author":1,"featured_media":0,"parent":9,"menu_order":1,"comment_status":"closed","ping_status":"open","template":"","meta":[],"_links":{"self":[{"href":"http:\/\/www.ternog.org\/index.php?rest_route=\/wp\/v2\/pages\/48"}],"collection":[{"href":"http:\/\/www.ternog.org\/index.php?rest_route=\/wp\/v2\/pages"}],"about":[{"href":"http:\/\/www.ternog.org\/index.php?rest_route=\/wp\/v2\/types\/page"}],"author":[{"embeddable":true,"href":"http:\/\/www.ternog.org\/index.php?rest_route=\/wp\/v2\/users\/1"}],"replies":[{"embeddable":true,"href":"http:\/\/www.ternog.org\/index.php?rest_route=%2Fwp%2Fv2%2Fcomments&post=48"}],"version-history":[{"count":10,"href":"http:\/\/www.ternog.org\/index.php?rest_route=\/wp\/v2\/pages\/48\/revisions"}],"predecessor-version":[{"id":151,"href":"http:\/\/www.ternog.org\/index.php?rest_route=\/wp\/v2\/pages\/48\/revisions\/151"}],"up":[{"embeddable":true,"href":"http:\/\/www.ternog.org\/index.php?rest_route=\/wp\/v2\/pages\/9"}],"wp:attachment":[{"href":"http:\/\/www.ternog.org\/index.php?rest_route=%2Fwp%2Fv2%2Fmedia&parent=48"}],"curies":[{"name":"wp","href":"https:\/\/api.w.org\/{rel}","templated":true}]}}