{"id":33,"date":"2010-09-07T17:22:33","date_gmt":"2010-09-07T17:22:33","guid":{"rendered":"http:\/\/www.ternog.org\/?page_id=33"},"modified":"2011-10-09T10:34:20","modified_gmt":"2011-10-09T10:34:20","slug":"sciences","status":"publish","type":"page","link":"http:\/\/www.ternog.org\/?page_id=33","title":{"rendered":"Photographer"},"content":{"rendered":"<p>Cette section du site est h\u00e9berg\u00e9 sur sa propre plate-forme \u00e0 l&rsquo;adresse suivante : <a href=\"http:\/\/www.photo.ternog.org\">www.photo.ternog.org<\/a><\/p>\n","protected":false},"excerpt":{"rendered":"<p>Cette section du site est h\u00e9berg\u00e9 sur sa propre plate-forme \u00e0 l&rsquo;adresse suivante : www.photo.ternog.org<\/p>\n","protected":false},"author":1,"featured_media":0,"parent":25,"menu_order":2,"comment_status":"closed","ping_status":"open","template":"","meta":[],"_links":{"self":[{"href":"http:\/\/www.ternog.org\/index.php?rest_route=\/wp\/v2\/pages\/33"}],"collection":[{"href":"http:\/\/www.ternog.org\/index.php?rest_route=\/wp\/v2\/pages"}],"about":[{"href":"http:\/\/www.ternog.org\/index.php?rest_route=\/wp\/v2\/types\/page"}],"author":[{"embeddable":true,"href":"http:\/\/www.ternog.org\/index.php?rest_route=\/wp\/v2\/users\/1"}],"replies":[{"embeddable":true,"href":"http:\/\/www.ternog.org\/index.php?rest_route=%2Fwp%2Fv2%2Fcomments&post=33"}],"version-history":[{"count":5,"href":"http:\/\/www.ternog.org\/index.php?rest_route=\/wp\/v2\/pages\/33\/revisions"}],"predecessor-version":[{"id":134,"href":"http:\/\/www.ternog.org\/index.php?rest_route=\/wp\/v2\/pages\/33\/revisions\/134"}],"up":[{"embeddable":true,"href":"http:\/\/www.ternog.org\/index.php?rest_route=\/wp\/v2\/pages\/25"}],"wp:attachment":[{"href":"http:\/\/www.ternog.org\/index.php?rest_route=%2Fwp%2Fv2%2Fmedia&parent=33"}],"curies":[{"name":"wp","href":"https:\/\/api.w.org\/{rel}","templated":true}]}}